{"id":342,"date":"2023-02-03T15:39:47","date_gmt":"2023-02-03T15:39:47","guid":{"rendered":"https:\/\/zermatt.apartments\/esperienza-alpina-di-lusso-a-zermatt\/"},"modified":"2023-03-22T13:15:25","modified_gmt":"2023-03-22T13:15:25","slug":"hotel-di-lusso-a-zermatt","status":"publish","type":"page","link":"https:\/\/zermatt.apartments\/it\/hotel-di-lusso-a-zermatt\/","title":{"rendered":"Esperienza alpina di lusso a Zermatt"},"content":{"rendered":"<p>[et_pb_section fb_built=&#8221;1&#8243; admin_label=&#8221;Hero section&#8221; _builder_version=&#8221;4.18.0&#8243; background_image=&#8221;https:\/\/zermatt.apartments\/wp-content\/uploads\/2023\/01\/zermatt-apartments-header.webp&#8221; transform_scale_tablet=&#8221;&#8221; transform_scale_phone=&#8221;&#8221; transform_scale_last_edited=&#8221;on|desktop&#8221; transform_translate_tablet=&#8221;&#8221; transform_translate_phone=&#8221;&#8221; transform_translate_last_edited=&#8221;on|tablet&#8221; transform_rotate_tablet=&#8221;&#8221; transform_rotate_phone=&#8221;&#8221; transform_rotate_last_edited=&#8221;on|desktop&#8221; transform_skew_tablet=&#8221;&#8221; transform_skew_phone=&#8221;&#8221; transform_skew_last_edited=&#8221;on|desktop&#8221; transform_origin_tablet=&#8221;&#8221; transform_origin_phone=&#8221;&#8221; transform_origin_last_edited=&#8221;on|desktop&#8221; transform_styles_last_edited=&#8221;on|tablet&#8221; custom_margin=&#8221;||||false|false&#8221; background_last_edited=&#8221;on|tablet&#8221; transform_styles_tablet=&#8221;&#8221; transform_styles_phone=&#8221;&#8221; global_colors_info=&#8221;{}&#8221;][et_pb_row column_structure=&#8221;2_3,1_3&#8243; _builder_version=&#8221;4.19.4&#8243; custom_margin=&#8221;|||&#8221; global_colors_info=&#8221;{}&#8221;][et_pb_column type=&#8221;2_3&#8243; _builder_version=&#8221;4.16&#8243; custom_padding=&#8221;1px|||&#8221; global_colors_info=&#8221;{}&#8221; custom_padding__hover=&#8221;|||&#8221;][et_pb_text _builder_version=&#8221;4.19.4&#8243; text_font=&#8221;Lato||||||||&#8221; text_font_size=&#8221;20px&#8221; text_line_height=&#8221;1.8em&#8221; header_font=&#8221;Lato|900|||||||&#8221; header_font_size=&#8221;80px&#8221; header_letter_spacing=&#8221;2px&#8221; header_line_height=&#8221;1.2em&#8221; background_color=&#8221;rgba(10,8,8,0.3)&#8221; transform_scale=&#8221;96%|96%&#8221; transform_scale_tablet=&#8221;96%|96%&#8221; transform_scale_phone=&#8221;96%|96%&#8221; transform_scale_last_edited=&#8221;on|tablet&#8221; transform_translate=&#8221;555px|0px&#8221; transform_translate_tablet=&#8221;0px|0px&#8221; transform_translate_phone=&#8221;0px|0px&#8221; transform_translate_last_edited=&#8221;on|tablet&#8221; transform_translate_linked=&#8221;off&#8221; transform_rotate_tablet=&#8221;&#8221; transform_rotate_phone=&#8221;&#8221; transform_rotate_last_edited=&#8221;on|desktop&#8221; transform_skew_tablet=&#8221;&#8221; transform_skew_phone=&#8221;&#8221; transform_skew_last_edited=&#8221;on|desktop&#8221; transform_origin_tablet=&#8221;&#8221; transform_origin_phone=&#8221;&#8221; transform_origin_last_edited=&#8221;on|desktop&#8221; background_layout=&#8221;dark&#8221; width=&#8221;114%&#8221; width_tablet=&#8221;100%&#8221; width_phone=&#8221;100%&#8221; width_last_edited=&#8221;on|phone&#8221; custom_margin=&#8221;20px|||20px|false|false&#8221; custom_margin_tablet=&#8221;20px|||0px|false|false&#8221; custom_margin_phone=&#8221;|||0px|false|false&#8221; custom_margin_last_edited=&#8221;on|phone&#8221; custom_padding=&#8221;20px|50px|20px|50px|false|false&#8221; custom_padding_tablet=&#8221;20px|50px|20px|50px|false|false&#8221; custom_padding_phone=&#8221;20px|50px|20px|50px|false|false&#8221; custom_padding_last_edited=&#8221;on|phone&#8221; animation_style=&#8221;fold&#8221; header_font_size_tablet=&#8221;46px&#8221; header_font_size_phone=&#8221;33px&#8221; header_font_size_last_edited=&#8221;on|tablet&#8221; global_colors_info=&#8221;{}&#8221;]<\/p>\n<h1>Esperienza alpina di lusso<\/h1>\n<p>Scoprite il meglio che le Alpi svizzere hanno da offrire prenotando uno dei lussuosi alloggi di Zermatt. Questa famosa localit\u00e0 di sport invernali \u00e8 nota per le sue viste mozzafiato sul Cervino e offre una variet\u00e0 di hotel e resort di prima classe.<\/p>\n<p>[\/et_pb_text][\/et_pb_column][et_pb_column type=&#8221;1_3&#8243; _builder_version=&#8221;4.16&#8243; custom_padding=&#8221;|||&#8221; global_colors_info=&#8221;{}&#8221; custom_padding__hover=&#8221;|||&#8221;][\/et_pb_column][\/et_pb_row][\/et_pb_section][et_pb_section fb_built=&#8221;1&#8243; _builder_version=&#8221;4.16&#8243; background_color=&#8221;rgba(0,0,0,0.03)&#8221; background_position=&#8221;top_center&#8221; custom_margin=&#8221;|||&#8221; custom_padding=&#8221;50px||50px|||&#8221; global_colors_info=&#8221;{}&#8221;][et_pb_row _builder_version=&#8221;4.16&#8243; custom_margin=&#8221;|||&#8221; locked=&#8221;off&#8221; global_colors_info=&#8221;{}&#8221;][et_pb_column type=&#8221;4_4&#8243; _builder_version=&#8221;4.16&#8243; custom_padding=&#8221;|||&#8221; global_colors_info=&#8221;{}&#8221; custom_padding__hover=&#8221;|||&#8221;][et_pb_text _builder_version=&#8221;4.20.2&#8243; text_font=&#8221;Lato||||||||&#8221; text_text_color=&#8221;#898f99&#8243; text_font_size=&#8221;18px&#8221; text_line_height=&#8221;2em&#8221; header_font=&#8221;||||||||&#8221; header_2_font=&#8221;Lato|700|||||||&#8221; header_2_font_size=&#8221;42px&#8221; header_2_line_height=&#8221;1.5em&#8221; text_orientation=&#8221;center&#8221; max_width=&#8221;800px&#8221; module_alignment=&#8221;center&#8221; custom_padding=&#8221;||0px|||&#8221; hover_enabled=&#8221;0&#8243; locked=&#8221;off&#8221; global_colors_info=&#8221;{}&#8221; sticky_enabled=&#8221;0&#8243;]<\/p>\n<h2>Scopri i migliori hotel di lusso a Zermatt<\/h2>\n<p>Dagli hotel storici in stile tradizionale ai resort moderni dotati di tutti i comfort, Zermatt offre qualcosa per tutti. Rilassatevi nell&#8217;area benessere, gustate la buona cucina del ristorante o bevete un cocktail al bar.<\/p>\n<h2>Vista mozzafiato sul Cervino<\/h2>\n<p>Tutti gli hotel di lusso di Zermatt offrono una vista impareggiabile sulle montagne circostanti, in particolare sul famoso Cervino. Scoprite questa vista dalla vostra camera o durante una passeggiata all&#8217;aperto.<\/p>\n<h2>Provate il massimo del piacere alpino<\/h2>\n<p>Prenotate subito il vostro hotel di lusso a Zermatt e vivete il massimo del piacere alpino. Aspettatevi un servizio di prima classe, panorami mozzafiato e un&#8217;esperienza indimenticabile nelle Alpi svizzere.<\/p>\n<p><a href=\"https:\/\/www.booking.com\/hotel\/ch\/the-omnia.it.html?aid=2326109&amp;no_rooms=1&amp;group_adults=2\" target=\"_blank\" rel=\"noopener\" title=\"Prenota Hotel Omnia a Zeramtt\">L&#8217;Omnia<\/a>: questo hotel a 5 stelle offre una vista mozzafiato sulle montagne circostanti e un ambiente elegante. Dispone di un&#8217;area benessere, di un ristorante e di un bar.<\/p>\n<p><a href=\"https:\/\/www.booking.com\/hotel\/ch\/riffelalp-resort-2222m-zermatt1.it.html?aid=2326109&amp;no_rooms=1&amp;group_adults=2\" target=\"_blank\" rel=\"noopener\" title=\"Prenota Hotel Riffelalp Resort 2222m a Zeramtt\">Riffelalp Resort 2222m<\/a>: questo lussuoso resort si trova a 2222 metri sul livello del mare e offre una vista unica sul Cervino. Dispone di un centro benessere, un ristorante e un bar.<\/p>\n<p><a href=\"https:\/\/www.booking.com\/hotel\/ch\/mont-cervin-palace.it.html?aid=2326109&amp;no_rooms=1&amp;group_adults=2\" target=\"_blank\" rel=\"noopener\" title=\"Prenota Hotel Mont Cervin Palace a Zeramtt\">Mont Cervin Palace<\/a>: questo storico hotel del XIX secolo offre sistemazioni di lusso con una combinazione di fascino tradizionale e servizi moderni. Dispone di un&#8217;area benessere, di un ristorante e di un bar.<\/p>\n<p><a href=\"https:\/\/www.booking.com\/hotel\/ch\/matterhorn-focus.it.html?aid=2326109&amp;no_rooms=1&amp;group_adults=2\" target=\"_blank\" rel=\"noopener\" title=\"Prenota Hotel Matterhorn Focus a Zeramtt\">The Matterhorn Focus<\/a>: questo hotel di recente costruzione offre camere moderne con vista mozzafiato sul Cervino. Dispone di un centro benessere, un ristorante e un bar.<\/p>\n<p>Tutti questi alloggi offrono un servizio di prima classe e consentono agli ospiti di trarre il massimo dal loro soggiorno a Zermatt.<\/p>\n<p>[\/et_pb_text][\/et_pb_column][\/et_pb_row][\/et_pb_section]<\/p>\n","protected":false},"excerpt":{"rendered":"<p>Esperienza alpina di lusso Scoprite il meglio che le Alpi svizzere hanno da offrire prenotando uno dei lussuosi alloggi di Zermatt. Questa famosa localit\u00e0 di sport invernali \u00e8 nota per le sue viste mozzafiato sul Cervino e offre una variet\u00e0 di hotel e resort di prima classe.Scopri i migliori hotel di lusso a Zermatt Dagli [&hellip;]<\/p>\n","protected":false},"author":1,"featured_media":0,"parent":0,"menu_order":0,"comment_status":"closed","ping_status":"closed","template":"","meta":{"_et_pb_use_builder":"on","_et_pb_old_content":"","_et_gb_content_width":"","footnotes":""},"class_list":["post-342","page","type-page","status-publish","hentry"],"_links":{"self":[{"href":"https:\/\/zermatt.apartments\/it\/wp-json\/wp\/v2\/pages\/342","targetHints":{"allow":["GET"]}}],"collection":[{"href":"https:\/\/zermatt.apartments\/it\/wp-json\/wp\/v2\/pages"}],"about":[{"href":"https:\/\/zermatt.apartments\/it\/wp-json\/wp\/v2\/types\/page"}],"author":[{"embeddable":true,"href":"https:\/\/zermatt.apartments\/it\/wp-json\/wp\/v2\/users\/1"}],"replies":[{"embeddable":true,"href":"https:\/\/zermatt.apartments\/it\/wp-json\/wp\/v2\/comments?post=342"}],"version-history":[{"count":8,"href":"https:\/\/zermatt.apartments\/it\/wp-json\/wp\/v2\/pages\/342\/revisions"}],"predecessor-version":[{"id":391,"href":"https:\/\/zermatt.apartments\/it\/wp-json\/wp\/v2\/pages\/342\/revisions\/391"}],"wp:attachment":[{"href":"https:\/\/zermatt.apartments\/it\/wp-json\/wp\/v2\/media?parent=342"}],"curies":[{"name":"wp","href":"https:\/\/api.w.org\/{rel}","templated":true}]}}