{"id":336,"date":"2023-02-03T15:39:47","date_gmt":"2023-02-03T15:39:47","guid":{"rendered":"https:\/\/zermatt.apartments\/experience-alpine-luxueuse-a-zermatt\/"},"modified":"2023-03-22T13:12:18","modified_gmt":"2023-03-22T13:12:18","slug":"hotels-de-luxe-a-zermatt","status":"publish","type":"page","link":"https:\/\/zermatt.apartments\/fr\/hotels-de-luxe-a-zermatt\/","title":{"rendered":"Exp\u00e9rience alpine luxueuse \u00e0 Zermatt"},"content":{"rendered":"<p>[et_pb_section fb_built=\u00a0\u00bb1&Prime; admin_label=\u00a0\u00bbHero section\u00a0\u00bb _builder_version=\u00a0\u00bb4.18.0&Prime; background_image=\u00a0\u00bbhttps:\/\/zermatt.apartments\/wp-content\/uploads\/2023\/01\/zermatt-apartments-header.webp\u00a0\u00bb transform_scale_tablet=\u00a0\u00bb\u00a0\u00bb transform_scale_phone=\u00a0\u00bb\u00a0\u00bb transform_scale_last_edited=\u00a0\u00bbon|desktop\u00a0\u00bb transform_translate_tablet=\u00a0\u00bb\u00a0\u00bb transform_translate_phone=\u00a0\u00bb\u00a0\u00bb transform_translate_last_edited=\u00a0\u00bbon|tablet\u00a0\u00bb transform_rotate_tablet=\u00a0\u00bb\u00a0\u00bb transform_rotate_phone=\u00a0\u00bb\u00a0\u00bb transform_rotate_last_edited=\u00a0\u00bbon|desktop\u00a0\u00bb transform_skew_tablet=\u00a0\u00bb\u00a0\u00bb transform_skew_phone=\u00a0\u00bb\u00a0\u00bb transform_skew_last_edited=\u00a0\u00bbon|desktop\u00a0\u00bb transform_origin_tablet=\u00a0\u00bb\u00a0\u00bb transform_origin_phone=\u00a0\u00bb\u00a0\u00bb transform_origin_last_edited=\u00a0\u00bbon|desktop\u00a0\u00bb transform_styles_last_edited=\u00a0\u00bbon|tablet\u00a0\u00bb custom_margin=\u00a0\u00bb||||false|false\u00a0\u00bb background_last_edited=\u00a0\u00bbon|tablet\u00a0\u00bb transform_styles_tablet=\u00a0\u00bb\u00a0\u00bb transform_styles_phone=\u00a0\u00bb\u00a0\u00bb global_colors_info=\u00a0\u00bb{}\u00a0\u00bb][et_pb_row column_structure=\u00a0\u00bb2_3,1_3&Prime; _builder_version=\u00a0\u00bb4.19.4&Prime; custom_margin=\u00a0\u00bb|||\u00a0\u00bb global_colors_info=\u00a0\u00bb{}\u00a0\u00bb][et_pb_column type=\u00a0\u00bb2_3&Prime; _builder_version=\u00a0\u00bb4.16&Prime; custom_padding=\u00a0\u00bb1px|||\u00a0\u00bb global_colors_info=\u00a0\u00bb{}\u00a0\u00bb custom_padding__hover=\u00a0\u00bb|||\u00a0\u00bb][et_pb_text _builder_version=\u00a0\u00bb4.19.4&Prime; text_font=\u00a0\u00bbLato||||||||\u00a0\u00bb text_font_size=\u00a0\u00bb20px\u00a0\u00bb text_line_height=\u00a0\u00bb1.8em\u00a0\u00bb header_font=\u00a0\u00bbLato|900|||||||\u00a0\u00bb header_font_size=\u00a0\u00bb80px\u00a0\u00bb header_letter_spacing=\u00a0\u00bb2px\u00a0\u00bb header_line_height=\u00a0\u00bb1.2em\u00a0\u00bb background_color=\u00a0\u00bbrgba(10,8,8,0.3)\u00a0\u00bb transform_scale=\u00a0\u00bb96%|96%\u00a0\u00bb transform_scale_tablet=\u00a0\u00bb96%|96%\u00a0\u00bb transform_scale_phone=\u00a0\u00bb96%|96%\u00a0\u00bb transform_scale_last_edited=\u00a0\u00bbon|tablet\u00a0\u00bb transform_translate=\u00a0\u00bb555px|0px\u00a0\u00bb transform_translate_tablet=\u00a0\u00bb0px|0px\u00a0\u00bb transform_translate_phone=\u00a0\u00bb0px|0px\u00a0\u00bb transform_translate_last_edited=\u00a0\u00bbon|tablet\u00a0\u00bb transform_translate_linked=\u00a0\u00bboff\u00a0\u00bb transform_rotate_tablet=\u00a0\u00bb\u00a0\u00bb transform_rotate_phone=\u00a0\u00bb\u00a0\u00bb transform_rotate_last_edited=\u00a0\u00bbon|desktop\u00a0\u00bb transform_skew_tablet=\u00a0\u00bb\u00a0\u00bb transform_skew_phone=\u00a0\u00bb\u00a0\u00bb transform_skew_last_edited=\u00a0\u00bbon|desktop\u00a0\u00bb transform_origin_tablet=\u00a0\u00bb\u00a0\u00bb transform_origin_phone=\u00a0\u00bb\u00a0\u00bb transform_origin_last_edited=\u00a0\u00bbon|desktop\u00a0\u00bb background_layout=\u00a0\u00bbdark\u00a0\u00bb width=\u00a0\u00bb114%\u00a0\u00bb width_tablet=\u00a0\u00bb100%\u00a0\u00bb width_phone=\u00a0\u00bb100%\u00a0\u00bb width_last_edited=\u00a0\u00bbon|phone\u00a0\u00bb custom_margin=\u00a0\u00bb20px|||20px|false|false\u00a0\u00bb custom_margin_tablet=\u00a0\u00bb20px|||0px|false|false\u00a0\u00bb custom_margin_phone=\u00a0\u00bb|||0px|false|false\u00a0\u00bb custom_margin_last_edited=\u00a0\u00bbon|phone\u00a0\u00bb custom_padding=\u00a0\u00bb20px|50px|20px|50px|false|false\u00a0\u00bb custom_padding_tablet=\u00a0\u00bb20px|50px|20px|50px|false|false\u00a0\u00bb custom_padding_phone=\u00a0\u00bb20px|50px|20px|50px|false|false\u00a0\u00bb custom_padding_last_edited=\u00a0\u00bbon|phone\u00a0\u00bb animation_style=\u00a0\u00bbfold\u00a0\u00bb header_font_size_tablet=\u00a0\u00bb46px\u00a0\u00bb header_font_size_phone=\u00a0\u00bb33px\u00a0\u00bb header_font_size_last_edited=\u00a0\u00bbon|tablet\u00a0\u00bb global_colors_info=\u00a0\u00bb{}\u00a0\u00bb]<\/p>\n<h1>Exp\u00e9rience alpine de luxe<\/h1>\n<p>D\u00e9couvrez le meilleur de ce que les Alpes suisses ont \u00e0 offrir en r\u00e9servant un des h\u00e9bergements de luxe \u00e0 Zermatt. Cette c\u00e9l\u00e8bre station de sports d&rsquo;hiver est connue pour ses vues \u00e0 couper le souffle sur le Cervin et offre un grand nombre d&rsquo;h\u00f4tels et de stations de premi\u00e8re classe.<\/p>\n<p>[\/et_pb_text][\/et_pb_column][et_pb_column type=\u00a0\u00bb1_3&Prime; _builder_version=\u00a0\u00bb4.16&Prime; custom_padding=\u00a0\u00bb|||\u00a0\u00bb global_colors_info=\u00a0\u00bb{}\u00a0\u00bb custom_padding__hover=\u00a0\u00bb|||\u00a0\u00bb][\/et_pb_column][\/et_pb_row][\/et_pb_section][et_pb_section fb_built=\u00a0\u00bb1&Prime; _builder_version=\u00a0\u00bb4.16&Prime; background_color=\u00a0\u00bbrgba(0,0,0,0.03)\u00a0\u00bb background_position=\u00a0\u00bbtop_center\u00a0\u00bb custom_margin=\u00a0\u00bb|||\u00a0\u00bb custom_padding=\u00a0\u00bb50px||50px|||\u00a0\u00bb global_colors_info=\u00a0\u00bb{}\u00a0\u00bb][et_pb_row _builder_version=\u00a0\u00bb4.16&Prime; custom_margin=\u00a0\u00bb|||\u00a0\u00bb locked=\u00a0\u00bboff\u00a0\u00bb global_colors_info=\u00a0\u00bb{}\u00a0\u00bb][et_pb_column type=\u00a0\u00bb4_4&Prime; _builder_version=\u00a0\u00bb4.16&Prime; custom_padding=\u00a0\u00bb|||\u00a0\u00bb global_colors_info=\u00a0\u00bb{}\u00a0\u00bb custom_padding__hover=\u00a0\u00bb|||\u00a0\u00bb][et_pb_text _builder_version=\u00a0\u00bb4.20.2&Prime; text_font=\u00a0\u00bbLato||||||||\u00a0\u00bb text_text_color=\u00a0\u00bb#898f99&Prime; text_font_size=\u00a0\u00bb18px\u00a0\u00bb text_line_height=\u00a0\u00bb2em\u00a0\u00bb header_font=\u00a0\u00bb||||||||\u00a0\u00bb header_2_font=\u00a0\u00bbLato|700|||||||\u00a0\u00bb header_2_font_size=\u00a0\u00bb42px\u00a0\u00bb header_2_line_height=\u00a0\u00bb1.5em\u00a0\u00bb text_orientation=\u00a0\u00bbcenter\u00a0\u00bb max_width=\u00a0\u00bb800px\u00a0\u00bb module_alignment=\u00a0\u00bbcenter\u00a0\u00bb custom_padding=\u00a0\u00bb||0px|||\u00a0\u00bb hover_enabled=\u00a0\u00bb0&Prime; locked=\u00a0\u00bboff\u00a0\u00bb global_colors_info=\u00a0\u00bb{}\u00a0\u00bb sticky_enabled=\u00a0\u00bb0&Prime;]<\/p>\n<h2>D\u00e9couvrez les meilleurs h\u00f4tels de luxe \u00e0 Zermatt<\/h2>\n<p>Des h\u00f4tels historiques de style traditionnel aux stations modernes dot\u00e9es de toutes les commodit\u00e9s, Zermatt a de quoi satisfaire tous les go\u00fbts. D\u00e9tendez-vous dans un espace bien-\u00eatre, savourez un bon repas au restaurant ou buvez un cocktail au bar.<\/p>\n<h2>Des vues \u00e0 couper le souffle sur le Cervin<\/h2>\n<p>Tous les h\u00f4tels de luxe de Zermatt offrent une vue incomparable sur les montagnes environnantes, notamment sur le c\u00e9l\u00e8bre Cervin. Profitez de cette vue depuis votre chambre ou lors d&rsquo;une promenade \u00e0 l&rsquo;ext\u00e9rieur.<\/p>\n<h2>D\u00e9couvrez le plaisir ultime des Alpes<\/h2>\n<p>R\u00e9servez d\u00e8s maintenant votre h\u00f4tel de luxe \u00e0 Zermatt et d\u00e9couvrez le plaisir ultime des Alpes. R\u00e9jouissez-vous d&rsquo;un service de premi\u00e8re classe, de vues \u00e0 couper le souffle et d&rsquo;une exp\u00e9rience inoubliable dans les Alpes suisses.<\/p>\n<p><a href=\"https:\/\/www.booking.com\/hotel\/ch\/the-omnia.fr.html?aid=2326109&amp;no_rooms=1&amp;group_adults=2\" target=\"_blank\" rel=\"noopener\" title=\"R\u00e9server l&#039;h\u00f4tel Omnia \u00e0 Zeramtt\">The Omnia<\/a>: cet h\u00f4tel 5 \u00e9toiles offre une vue imprenable sur les montagnes environnantes et une ambiance \u00e9l\u00e9gante. Il dispose d&rsquo;un espace bien-\u00eatre, d&rsquo;un restaurant et d&rsquo;un bar.<\/p>\n<p><a href=\"https:\/\/www.booking.com\/hotel\/ch\/riffelalp-resort-2222m-zermatt1.fr.html?aid=2326109&amp;no_rooms=1&amp;group_adults=2\" target=\"_blank\" rel=\"noopener\" title=\"R\u00e9server l&#039;h\u00f4tel Riffelalp Resort 2222m \u00e0 Zeramtt\">Riffelalp Resort 2222m<\/a>: cette station de luxe se trouve \u00e0 2222 m\u00e8tres d&rsquo;altitude et offre une vue unique sur le Cervin. Il dispose d&rsquo;un spa, d&rsquo;un restaurant et d&rsquo;un bar.<\/p>\n<p><a href=\"https:\/\/www.booking.com\/hotel\/ch\/mont-cervin-palace.fr.html?aid=2326109&amp;no_rooms=1&amp;group_adults=2\" title=\"R\u00e9server l&#039;h\u00f4tel Mont Cervin Palace \u00e0 Zeramtt\" target=\"_blank\" rel=\"noopener\">Mont Cervin Palace<\/a>: Cet h\u00f4tel historique du 19e si\u00e8cle propose un h\u00e9bergement luxueux alliant charme traditionnel et \u00e9quipements modernes. Il dispose d&rsquo;un espace bien-\u00eatre, d&rsquo;un restaurant et d&rsquo;un bar.<\/p>\n<p><a href=\"https:\/\/www.booking.com\/hotel\/ch\/matterhorn-focus.fr.html?aid=2326109&amp;no_rooms=1&amp;group_adults=2\" target=\"_blank\" rel=\"noopener\" title=\"R\u00e9server l&#039;h\u00f4tel Matterhorn Focus \u00e0 Zeramtt\">The Matterhorn Focus<\/a>: cet h\u00f4tel r\u00e9cemment construit offre des chambres modernes avec une vue imprenable sur le Cervin. Il dispose d&rsquo;un spa, d&rsquo;un restaurant et d&rsquo;un bar.<\/p>\n<p>Tous ces h\u00e9bergements offrent un service de premi\u00e8re qualit\u00e9 et permettent aux clients de profiter au maximum de leur s\u00e9jour \u00e0 Zermatt.<\/p>\n<p>[\/et_pb_text][\/et_pb_column][\/et_pb_row][\/et_pb_section]<\/p>\n","protected":false},"excerpt":{"rendered":"<p>Exp\u00e9rience alpine de luxe D\u00e9couvrez le meilleur de ce que les Alpes suisses ont \u00e0 offrir en r\u00e9servant un des h\u00e9bergements de luxe \u00e0 Zermatt. Cette c\u00e9l\u00e8bre station de sports d&rsquo;hiver est connue pour ses vues \u00e0 couper le souffle sur le Cervin et offre un grand nombre d&rsquo;h\u00f4tels et de stations de premi\u00e8re classe.D\u00e9couvrez [&hellip;]<\/p>\n","protected":false},"author":1,"featured_media":0,"parent":0,"menu_order":0,"comment_status":"closed","ping_status":"closed","template":"","meta":{"_et_pb_use_builder":"on","_et_pb_old_content":"","_et_gb_content_width":"","footnotes":""},"class_list":["post-336","page","type-page","status-publish","hentry"],"_links":{"self":[{"href":"https:\/\/zermatt.apartments\/fr\/wp-json\/wp\/v2\/pages\/336","targetHints":{"allow":["GET"]}}],"collection":[{"href":"https:\/\/zermatt.apartments\/fr\/wp-json\/wp\/v2\/pages"}],"about":[{"href":"https:\/\/zermatt.apartments\/fr\/wp-json\/wp\/v2\/types\/page"}],"author":[{"embeddable":true,"href":"https:\/\/zermatt.apartments\/fr\/wp-json\/wp\/v2\/users\/1"}],"replies":[{"embeddable":true,"href":"https:\/\/zermatt.apartments\/fr\/wp-json\/wp\/v2\/comments?post=336"}],"version-history":[{"count":10,"href":"https:\/\/zermatt.apartments\/fr\/wp-json\/wp\/v2\/pages\/336\/revisions"}],"predecessor-version":[{"id":390,"href":"https:\/\/zermatt.apartments\/fr\/wp-json\/wp\/v2\/pages\/336\/revisions\/390"}],"wp:attachment":[{"href":"https:\/\/zermatt.apartments\/fr\/wp-json\/wp\/v2\/media?parent=336"}],"curies":[{"name":"wp","href":"https:\/\/api.w.org\/{rel}","templated":true}]}}