{"id":313,"date":"2023-02-03T16:05:22","date_gmt":"2023-02-03T16:05:22","guid":{"rendered":"https:\/\/zermatt.apartments\/appartements-de-vacances-avec-vue-inoubliable-sur-le-cervin-a-zermatt\/"},"modified":"2023-03-22T14:29:15","modified_gmt":"2023-03-22T14:29:15","slug":"vue-sur-le-cervin","status":"publish","type":"page","link":"https:\/\/zermatt.apartments\/fr\/vue-sur-le-cervin\/","title":{"rendered":"Appartements de vacances avec vue inoubliable sur le Cervin \u00e0 Zermatt"},"content":{"rendered":"<p>[et_pb_section fb_built=\u00a0\u00bb1&Prime; admin_label=\u00a0\u00bbHero section\u00a0\u00bb _builder_version=\u00a0\u00bb4.18.0&Prime; background_image=\u00a0\u00bbhttps:\/\/zermatt.apartments\/wp-content\/uploads\/2023\/01\/zermatt-apartments-header.webp\u00a0\u00bb transform_scale_tablet=\u00a0\u00bb\u00a0\u00bb transform_scale_phone=\u00a0\u00bb\u00a0\u00bb transform_scale_last_edited=\u00a0\u00bbon|desktop\u00a0\u00bb transform_translate_tablet=\u00a0\u00bb\u00a0\u00bb transform_translate_phone=\u00a0\u00bb\u00a0\u00bb transform_translate_last_edited=\u00a0\u00bbon|tablet\u00a0\u00bb transform_rotate_tablet=\u00a0\u00bb\u00a0\u00bb transform_rotate_phone=\u00a0\u00bb\u00a0\u00bb transform_rotate_last_edited=\u00a0\u00bbon|desktop\u00a0\u00bb transform_skew_tablet=\u00a0\u00bb\u00a0\u00bb transform_skew_phone=\u00a0\u00bb\u00a0\u00bb transform_skew_last_edited=\u00a0\u00bbon|desktop\u00a0\u00bb transform_origin_tablet=\u00a0\u00bb\u00a0\u00bb transform_origin_phone=\u00a0\u00bb\u00a0\u00bb transform_origin_last_edited=\u00a0\u00bbon|desktop\u00a0\u00bb transform_styles_last_edited=\u00a0\u00bbon|tablet\u00a0\u00bb custom_margin=\u00a0\u00bb||||false|false\u00a0\u00bb background_last_edited=\u00a0\u00bbon|tablet\u00a0\u00bb transform_styles_tablet=\u00a0\u00bb\u00a0\u00bb transform_styles_phone=\u00a0\u00bb\u00a0\u00bb global_colors_info=\u00a0\u00bb{}\u00a0\u00bb][et_pb_row column_structure=\u00a0\u00bb2_3,1_3&Prime; _builder_version=\u00a0\u00bb4.19.4&Prime; custom_margin=\u00a0\u00bb|||\u00a0\u00bb global_colors_info=\u00a0\u00bb{}\u00a0\u00bb][et_pb_column type=\u00a0\u00bb2_3&Prime; _builder_version=\u00a0\u00bb4.16&Prime; custom_padding=\u00a0\u00bb1px|||\u00a0\u00bb global_colors_info=\u00a0\u00bb{}\u00a0\u00bb custom_padding__hover=\u00a0\u00bb|||\u00a0\u00bb][et_pb_text _builder_version=\u00a0\u00bb4.19.4&Prime; text_font=\u00a0\u00bbLato||||||||\u00a0\u00bb text_font_size=\u00a0\u00bb20px\u00a0\u00bb text_line_height=\u00a0\u00bb1.8em\u00a0\u00bb header_font=\u00a0\u00bbLato|900|||||||\u00a0\u00bb header_font_size=\u00a0\u00bb80px\u00a0\u00bb header_letter_spacing=\u00a0\u00bb2px\u00a0\u00bb header_line_height=\u00a0\u00bb1.2em\u00a0\u00bb background_color=\u00a0\u00bbrgba(10,8,8,0.3)\u00a0\u00bb transform_scale=\u00a0\u00bb96%|96%\u00a0\u00bb transform_scale_tablet=\u00a0\u00bb96%|96%\u00a0\u00bb transform_scale_phone=\u00a0\u00bb96%|96%\u00a0\u00bb transform_scale_last_edited=\u00a0\u00bbon|tablet\u00a0\u00bb transform_translate_tablet=\u00a0\u00bb0px|0px\u00a0\u00bb transform_translate_phone=\u00a0\u00bb0px|0px\u00a0\u00bb transform_translate_last_edited=\u00a0\u00bbon|tablet\u00a0\u00bb transform_translate_linked=\u00a0\u00bboff\u00a0\u00bb transform_rotate_tablet=\u00a0\u00bb\u00a0\u00bb transform_rotate_phone=\u00a0\u00bb\u00a0\u00bb transform_rotate_last_edited=\u00a0\u00bbon|desktop\u00a0\u00bb transform_skew_tablet=\u00a0\u00bb\u00a0\u00bb transform_skew_phone=\u00a0\u00bb\u00a0\u00bb transform_skew_last_edited=\u00a0\u00bbon|desktop\u00a0\u00bb transform_origin_tablet=\u00a0\u00bb\u00a0\u00bb transform_origin_phone=\u00a0\u00bb\u00a0\u00bb transform_origin_last_edited=\u00a0\u00bbon|desktop\u00a0\u00bb background_layout=\u00a0\u00bbdark\u00a0\u00bb width=\u00a0\u00bb114%\u00a0\u00bb width_tablet=\u00a0\u00bb100%\u00a0\u00bb width_phone=\u00a0\u00bb100%\u00a0\u00bb width_last_edited=\u00a0\u00bbon|phone\u00a0\u00bb custom_margin=\u00a0\u00bb20px|||20px|false|false\u00a0\u00bb custom_margin_tablet=\u00a0\u00bb20px|||0px|false|false\u00a0\u00bb custom_margin_phone=\u00a0\u00bb|||0px|false|false\u00a0\u00bb custom_margin_last_edited=\u00a0\u00bbon|phone\u00a0\u00bb custom_padding=\u00a0\u00bb20px|50px|20px|50px|false|false\u00a0\u00bb custom_padding_tablet=\u00a0\u00bb20px|50px|20px|50px|false|false\u00a0\u00bb custom_padding_phone=\u00a0\u00bb20px|50px|20px|50px|false|false\u00a0\u00bb custom_padding_last_edited=\u00a0\u00bbon|phone\u00a0\u00bb animation_style=\u00a0\u00bbfold\u00a0\u00bb header_font_size_tablet=\u00a0\u00bb46px\u00a0\u00bb header_font_size_phone=\u00a0\u00bb33px\u00a0\u00bb header_font_size_last_edited=\u00a0\u00bbon|tablet\u00a0\u00bb global_colors_info=\u00a0\u00bb{}\u00a0\u00bb]<\/p>\n<h1>Appartements vue sur le Cervin.<\/h1>\n<p>Profitez pleinement de la beaut\u00e9 impressionnante des Alpes suisses en r\u00e9servant un appartement de vacances avec vue sur le Cervin \u00e0 Zermatt. Cette c\u00e9l\u00e8bre station de sports d&rsquo;hiver offre une multitude d&rsquo;appartements de vacances de premi\u00e8re classe avec des vues \u00e0 couper le souffle sur le c\u00e9l\u00e8bre Cervin.<\/p>\n<p>[\/et_pb_text][\/et_pb_column][et_pb_column type=\u00a0\u00bb1_3&Prime; _builder_version=\u00a0\u00bb4.16&Prime; custom_padding=\u00a0\u00bb|||\u00a0\u00bb global_colors_info=\u00a0\u00bb{}\u00a0\u00bb custom_padding__hover=\u00a0\u00bb|||\u00a0\u00bb][\/et_pb_column][\/et_pb_row][\/et_pb_section][et_pb_section fb_built=\u00a0\u00bb1&Prime; _builder_version=\u00a0\u00bb4.16&Prime; background_color=\u00a0\u00bbrgba(0,0,0,0.03)\u00a0\u00bb background_position=\u00a0\u00bbtop_center\u00a0\u00bb custom_margin=\u00a0\u00bb|||\u00a0\u00bb custom_padding=\u00a0\u00bb50px||50px|||\u00a0\u00bb global_colors_info=\u00a0\u00bb{}\u00a0\u00bb][et_pb_row _builder_version=\u00a0\u00bb4.16&Prime; custom_margin=\u00a0\u00bb|||\u00a0\u00bb locked=\u00a0\u00bboff\u00a0\u00bb global_colors_info=\u00a0\u00bb{}\u00a0\u00bb][et_pb_column type=\u00a0\u00bb4_4&Prime; _builder_version=\u00a0\u00bb4.16&Prime; custom_padding=\u00a0\u00bb|||\u00a0\u00bb global_colors_info=\u00a0\u00bb{}\u00a0\u00bb custom_padding__hover=\u00a0\u00bb|||\u00a0\u00bb][et_pb_text _builder_version=\u00a0\u00bb4.20.2&Prime; text_font=\u00a0\u00bbLato||||||||\u00a0\u00bb text_text_color=\u00a0\u00bb#898f99&Prime; text_font_size=\u00a0\u00bb18px\u00a0\u00bb text_line_height=\u00a0\u00bb2em\u00a0\u00bb header_font=\u00a0\u00bb||||||||\u00a0\u00bb header_2_font=\u00a0\u00bbLato|700|||||||\u00a0\u00bb header_2_font_size=\u00a0\u00bb42px\u00a0\u00bb header_2_line_height=\u00a0\u00bb1.5em\u00a0\u00bb text_orientation=\u00a0\u00bbcenter\u00a0\u00bb max_width=\u00a0\u00bb800px\u00a0\u00bb module_alignment=\u00a0\u00bbcenter\u00a0\u00bb custom_padding=\u00a0\u00bb||0px|||\u00a0\u00bb hover_enabled=\u00a0\u00bb0&Prime; locked=\u00a0\u00bboff\u00a0\u00bb global_colors_info=\u00a0\u00bb{}\u00a0\u00bb sticky_enabled=\u00a0\u00bb0&Prime;]<\/p>\n<h2>Des vues de r\u00eave sur le Cervin<\/h2>\n<p>Vivez le Cervin de pr\u00e8s depuis votre appartement de vacances. Installez-vous confortablement et profitez de la vue sur le majestueux Cervin.<\/p>\n<h2>Des appartements confortables pour tous les go\u00fbts<\/h2>\n<p>Du studio confortable au penthouse spacieux, il y en a pour tous les go\u00fbts et tous les besoins. Tous les appartements disposent d&rsquo;\u00e9quipements et de commodit\u00e9s modernes pour rendre votre s\u00e9jour aussi confortable que possible. Cuisinez dans votre propre cuisine, regardez des films sur la t\u00e9l\u00e9vision \u00e0 \u00e9cran plat ou d\u00e9tendez-vous dans votre salle de bain priv\u00e9e.<\/p>\n<h2>Activit\u00e9s et aventures \u00e0 Zermatt<\/h2>\n<p>Explorez les environs de Zermatt et d\u00e9couvrez l&rsquo;incroyable nature des Alpes suisses. Partez en randonn\u00e9e, faites du ski en hiver ou escaladez les montagnes en \u00e9t\u00e9. Ici, il y a plein d&rsquo;activit\u00e9s pour rendre vos vacances inoubliables. R\u00e9servez d\u00e8s maintenant votre appartement de vacances avec vue sur le Cervin \u00e0 Zermatt et vivez des vacances alpines incomparables.<\/p>\n<h2 style=\"text-align: center;\">Unsere Empfehlungen f\u00fcr Ferienwohnungen mit Matterhornsicht<\/h2>\n<p style=\"text-align: center;\"><a href=\"https:\/\/www.booking.com\/hotel\/ch\/chalet-altesse.fr.html?aid=2326109&amp;no_rooms=1&amp;group_adults=2\" target=\"_blank\" rel=\"noopener\"><\/a><\/p>\n<table border=\"0\" style=\"width: 100%; border-collapse: collapse; margin-left: auto; margin-right: auto;\">\n<tbody>\n<tr>\n<td style=\"width: 50%;\"><img loading=\"lazy\" decoding=\"async\" width=\"500\" height=\"333\" src=\"https:\/\/cf.bstatic.com\/xdata\/images\/hotel\/max500\/334005826.jpg?k=118ddb2baac28d4d47c1c713354cb88026d491fdb60d89d337dbe079497d09e2&amp;o=&amp;hp=1\" alt=\"\" class=\"size-medium alignnone\" \/><\/td>\n<td style=\"width: 50%;\"><a href=\"https:\/\/www.booking.com\/hotel\/ch\/chalet-altesse.fr.html?aid=2326109&amp;no_rooms=1&amp;group_adults=2\" target=\"_blank\" rel=\"noopener\">Chalet Altesse * * * * *<\/a><\/td>\n<\/tr>\n<tr>\n<td style=\"width: 50%;\"><img loading=\"lazy\" decoding=\"async\" width=\"500\" height=\"333\" src=\"https:\/\/cf.bstatic.com\/xdata\/images\/hotel\/max500\/21626950.jpg?k=d08f78f5ab585ea86f4653628b0df945409cd0dabd565658b1a5c57dbad58371&amp;o=&amp;hp=1\" alt=\"\" class=\"size-medium alignnone\" \/><\/td>\n<td style=\"width: 50%;\"><a href=\"https:\/\/www.booking.com\/hotel\/ch\/casa-della-luce-appartments.fr.html?aid=2326109&amp;no_rooms=1&amp;group_adults=2\" target=\"_blank\" rel=\"noopener\">Casa Della Luce Apartments * * * * *<\/a><\/td>\n<\/tr>\n<tr>\n<td style=\"width: 50%;\"><img loading=\"lazy\" decoding=\"async\" width=\"500\" height=\"333\" src=\"https:\/\/cf.bstatic.com\/xdata\/images\/hotel\/max500\/65416635.jpg?k=bb0c072aaf9bb629d8a3a32d14dab451a33262e8270d11747319ce58d5e894e6&amp;o=&amp;hp=1\" alt=\"\" class=\"size-medium alignnone\" \/><\/td>\n<td style=\"width: 50%;\"><a href=\"https:\/\/www.booking.com\/hotel\/ch\/alex-lodge.fr.html?aid=2326109&amp;no_rooms=1&amp;group_adults=2\" target=\"_blank\" rel=\"noopener\">Alex Lodge Private Luxury Apartments * * * * *<\/a><\/td>\n<\/tr>\n<tr>\n<td style=\"width: 50%;\"><img loading=\"lazy\" decoding=\"async\" width=\"500\" height=\"334\" src=\"https:\/\/cf.bstatic.com\/xdata\/images\/hotel\/max500\/139702202.jpg?k=f8afdd039c18c2bf4875c94cfcb7cbac969f190fda6b2ebd5b7b164faab0314a&amp;o=&amp;hp=1\" alt=\"\" class=\"size-medium alignnone\" \/><\/td>\n<td style=\"width: 50%;\"><a href=\"https:\/\/www.booking.com\/hotel\/ch\/chalet-nepomuk.fr.html?aid=2326109&amp;no_rooms=1&amp;group_adults=2\" target=\"_blank\" rel=\"noopener\">Chalet Nepomuk * * * * *<\/a><\/td>\n<\/tr>\n<tr>\n<td style=\"width: 50%;\"><img loading=\"lazy\" decoding=\"async\" width=\"500\" height=\"333\" src=\"https:\/\/cf.bstatic.com\/xdata\/images\/hotel\/max500\/35014993.jpg?k=56263dab6e4a6ed59796b312962658d48f9c61d62a1f98efe6e7250c7fd9aea3&amp;o=&amp;hp=1\" alt=\"\" class=\"size-medium alignnone\" \/><\/td>\n<td style=\"width: 50%;\"><a href=\"https:\/\/www.booking.com\/hotel\/ch\/angelina-zermatt.fr.html?aid=2326109&amp;no_rooms=1&amp;group_adults=2\" target=\"_blank\" rel=\"noopener\">Angelina * * * * *<\/a><\/td>\n<\/tr>\n<tr>\n<td style=\"width: 50%;\"><\/td>\n<td style=\"width: 50%;\"><a href=\"https:\/\/www.booking.com\/hotel\/ch\/zurniwens-telemark.fr.html?aid=2326109&amp;no_rooms=1&amp;group_adults=2\" target=\"_blank\" rel=\"noopener\">\u00a0<\/a><\/td>\n<\/tr>\n<tr>\n<td style=\"width: 50%;\"><img loading=\"lazy\" decoding=\"async\" width=\"500\" height=\"333\" src=\"https:\/\/cf.bstatic.com\/xdata\/images\/hotel\/max500\/334005826.jpg?k=118ddb2baac28d4d47c1c713354cb88026d491fdb60d89d337dbe079497d09e2&amp;o=&amp;hp=1\" alt=\"\" class=\"size-medium alignnone\" \/><\/td>\n<td style=\"width: 50%;\"><a href=\"https:\/\/www.booking.com\/hotel\/ch\/luxury-residence-colosseo-zermatt-zermatt.fr.html?aid=2326109&amp;no_rooms=1&amp;group_adults=2\" target=\"_blank\" rel=\"noopener\">Luxury Residence Colosseo Zermatt * * * *<\/a><\/td>\n<\/tr>\n<tr>\n<td style=\"width: 50%;\"><img loading=\"lazy\" decoding=\"async\" width=\"500\" height=\"281\" src=\"https:\/\/cf.bstatic.com\/xdata\/images\/hotel\/max500\/233463798.jpg?k=58e790672e37f7ba54110f27d37340124a72c55c051dcd7884f8aa6e65afe9f6&amp;o=&amp;hp=1\" alt=\"\" class=\"size-medium alignnone\" \/><\/td>\n<td style=\"width: 50%;\"><a href=\"https:\/\/www.booking.com\/hotel\/ch\/haus-alpa-zermatt-zermatt.fr.html?aid=2326109&amp;no_rooms=1&amp;group_adults=2\" target=\"_blank\" rel=\"noopener\">Matthiol Appartements * * * *<\/a><\/td>\n<\/tr>\n<tr>\n<td style=\"width: 50%;\"><img loading=\"lazy\" decoding=\"async\" width=\"500\" height=\"334\" src=\"https:\/\/cf.bstatic.com\/xdata\/images\/hotel\/max500\/226534872.jpg?k=4539c0ec7c5f7d8bfc9f7128d0754b006c75a9bf45459ccf5159fe88d31dd060&amp;o=&amp;hp=1\" alt=\"\" class=\"size-medium alignnone\" \/><\/td>\n<td style=\"width: 50%;\"><a href=\"https:\/\/www.booking.com\/hotel\/ch\/haus-ascot-first-zermatt1.fr.html?aid=2326109&amp;no_rooms=1&amp;group_adults=2\" target=\"_blank\" rel=\"noopener\">Haus Ascot * * * *<\/a><\/td>\n<\/tr>\n<tr>\n<td style=\"width: 50%;\"><img loading=\"lazy\" decoding=\"async\" width=\"500\" height=\"333\" src=\"https:\/\/cf.bstatic.com\/xdata\/images\/hotel\/max500\/240507691.jpg?k=8af2f6a46434e5d09c0c55423ea5cc4475f82717a7411d45362f1eed59b4a375&amp;o=&amp;hp=1\" alt=\"\" class=\"size-medium alignnone\" \/><\/td>\n<td style=\"width: 50%;\"><a href=\"https:\/\/www.booking.com\/hotel\/ch\/haus-mischabel.fr.html?aid=2326109&amp;no_rooms=1&amp;group_adults=2\" target=\"_blank\" rel=\"noopener\">Haus Mischabel * * * *<\/a><\/td>\n<\/tr>\n<tr>\n<td style=\"width: 50%;\"><img loading=\"lazy\" decoding=\"async\" width=\"500\" height=\"334\" src=\"https:\/\/cf.bstatic.com\/xdata\/images\/hotel\/max500\/255805278.jpg?k=0fdf5ee56c96d21fa9b8dbce19aa7e369274c40af11d634aba01ad222325325d&amp;o=&amp;hp=1\" alt=\"\" class=\"size-medium alignnone\" \/><\/td>\n<td style=\"width: 50%;\"><a href=\"https:\/\/www.booking.com\/hotel\/ch\/haus-zenith.fr.html?aid=2326109&amp;no_rooms=1&amp;group_adults=2\" target=\"_blank\" rel=\"noopener\">Haus Alpine * * * *<\/a><\/td>\n<\/tr>\n<tr>\n<td style=\"width: 50%;\"><\/td>\n<td style=\"width: 50%;\"><a href=\"https:\/\/www.booking.com\/hotel\/ch\/zurniwens-telemark.fr.html?aid=2326109&amp;no_rooms=1&amp;group_adults=2\" target=\"_blank\" rel=\"noopener\">\u00a0<\/a><\/td>\n<\/tr>\n<tr>\n<td style=\"width: 50%;\"><img loading=\"lazy\" decoding=\"async\" width=\"500\" height=\"375\" src=\"https:\/\/cf.bstatic.com\/xdata\/images\/hotel\/max500\/330956723.jpg?k=633e243ae68f2dac07a66416046c5bc436c70a20c81edc70ed96d7af75f05115&amp;o=&amp;hp=1\" alt=\"\" class=\"size-medium alignnone\" \/><\/td>\n<td style=\"width: 50%;\"><a href=\"https:\/\/www.booking.com\/hotel\/ch\/apartment-granit-5.fr.html?aid=2326109&amp;no_rooms=1&amp;group_adults=2\" target=\"_blank\" rel=\"noopener\">Apartment Granit * * *<\/a><\/td>\n<\/tr>\n<tr>\n<td style=\"width: 50%;\"><img loading=\"lazy\" decoding=\"async\" width=\"500\" height=\"375\" src=\"https:\/\/cf.bstatic.com\/xdata\/images\/hotel\/max500\/388138123.jpg?k=373845cfdd2f7f8d35e11caf81463f1903106175980ce20ce6ad628cee8c5c85&amp;o=&amp;hp=1\" alt=\"\" class=\"size-medium alignnone\" \/><\/td>\n<td style=\"width: 50%;\"><a href=\"https:\/\/www.booking.com\/hotel\/ch\/house-mojo.fr.html?aid=2326109&amp;no_rooms=1&amp;group_adults=2\" target=\"_blank\" rel=\"noopener\">House Mojo * * *<\/a><\/td>\n<\/tr>\n<tr>\n<td style=\"width: 50%;\"><img loading=\"lazy\" decoding=\"async\" width=\"500\" height=\"334\" src=\"https:\/\/cf.bstatic.com\/xdata\/images\/hotel\/max500\/214125702.jpg?k=ca946c3a7bbf7580296327a8bd9644ea18bf718c1b84c08f63895009004bdf35&amp;o=&amp;hp=1\" alt=\"\" class=\"size-medium alignnone\" \/><\/td>\n<td style=\"width: 50%;\"><a href=\"https:\/\/www.booking.com\/hotel\/ch\/legendar-zermatt-zermatt.fr.html?aid=2326109&amp;no_rooms=1&amp;group_adults=2\" target=\"_blank\" rel=\"noopener\">Legend\u00e4r Zermatt * * *<\/a><\/td>\n<\/tr>\n<tr>\n<td style=\"width: 50%;\"><img loading=\"lazy\" decoding=\"async\" width=\"500\" height=\"375\" src=\"https:\/\/cf.bstatic.com\/xdata\/images\/hotel\/max500\/336481451.jpg?k=375e7a0e1332e801207e5a4523fc7bde32ec93e650a38eb45714cea56b828ddc&amp;o=&amp;hp=1\" alt=\"\" class=\"size-medium alignnone\" \/><\/td>\n<td style=\"width: 50%;\"><a href=\"https:\/\/www.booking.com\/hotel\/ch\/villa-emeline-zermatt.fr.html?aid=2326109&amp;no_rooms=1&amp;group_adults=2\" target=\"_blank\" rel=\"noopener\">Villa Emeline * * *<\/a><\/td>\n<\/tr>\n<tr>\n<td style=\"width: 50%;\"><img loading=\"lazy\" decoding=\"async\" width=\"500\" height=\"333\" src=\"https:\/\/cf.bstatic.com\/xdata\/images\/hotel\/max500\/56969640.jpg?k=5683883698df46bb7aaa18cf61a10d0405c0f91cc140534ba4b0e27559662d6d&amp;o=&amp;hp=1\" alt=\"\" class=\"size-medium alignnone\" \/><\/td>\n<td style=\"width: 50%;\"><a href=\"https:\/\/www.booking.com\/hotel\/ch\/zurniwens-telemark.fr.html?aid=2326109&amp;no_rooms=1&amp;group_adults=2\" target=\"_blank\" rel=\"noopener\">\u00a0Telemark * * *<\/a><\/td>\n<\/tr>\n<\/tbody>\n<\/table>\n<p style=\"text-align: center;\">[\/et_pb_text][\/et_pb_column][\/et_pb_row][\/et_pb_section]<\/p>\n","protected":false},"excerpt":{"rendered":"<p>Appartements vue sur le Cervin. Profitez pleinement de la beaut\u00e9 impressionnante des Alpes suisses en r\u00e9servant un appartement de vacances avec vue sur le Cervin \u00e0 Zermatt. Cette c\u00e9l\u00e8bre station de sports d&rsquo;hiver offre une multitude d&rsquo;appartements de vacances de premi\u00e8re classe avec des vues \u00e0 couper le souffle sur le c\u00e9l\u00e8bre Cervin.Des vues de [&hellip;]<\/p>\n","protected":false},"author":1,"featured_media":0,"parent":0,"menu_order":0,"comment_status":"closed","ping_status":"closed","template":"","meta":{"_et_pb_use_builder":"on","_et_pb_old_content":"","_et_gb_content_width":"","footnotes":""},"class_list":["post-313","page","type-page","status-publish","hentry"],"_links":{"self":[{"href":"https:\/\/zermatt.apartments\/fr\/wp-json\/wp\/v2\/pages\/313","targetHints":{"allow":["GET"]}}],"collection":[{"href":"https:\/\/zermatt.apartments\/fr\/wp-json\/wp\/v2\/pages"}],"about":[{"href":"https:\/\/zermatt.apartments\/fr\/wp-json\/wp\/v2\/types\/page"}],"author":[{"embeddable":true,"href":"https:\/\/zermatt.apartments\/fr\/wp-json\/wp\/v2\/users\/1"}],"replies":[{"embeddable":true,"href":"https:\/\/zermatt.apartments\/fr\/wp-json\/wp\/v2\/comments?post=313"}],"version-history":[{"count":5,"href":"https:\/\/zermatt.apartments\/fr\/wp-json\/wp\/v2\/pages\/313\/revisions"}],"predecessor-version":[{"id":404,"href":"https:\/\/zermatt.apartments\/fr\/wp-json\/wp\/v2\/pages\/313\/revisions\/404"}],"wp:attachment":[{"href":"https:\/\/zermatt.apartments\/fr\/wp-json\/wp\/v2\/media?parent=313"}],"curies":[{"name":"wp","href":"https:\/\/api.w.org\/{rel}","templated":true}]}}